{"id":46,"date":"2023-10-04T00:16:27","date_gmt":"2023-10-03T21:16:27","guid":{"rendered":"https:\/\/praxon.io\/?page_id=46"},"modified":"2024-08-30T10:29:13","modified_gmt":"2024-08-30T07:29:13","slug":"high-risk-disclaimer","status":"publish","type":"page","link":"https:\/\/praxon.io\/it\/high-risk-disclaimer\/","title":{"rendered":"Esclusione di responsabilit\u00e0 per rischio elevato"},"content":{"rendered":"<h2 class=\"wp-block-heading\"><strong>Il <\/strong><strong>Praxon<\/strong><strong> Impegno per la mitigazione del rischio<\/strong><\/h2>\n\n\n\n<p>In Praxon diamo priorit\u00e0 alla sicurezza della nostra piattaforma e dei suoi utenti. Abbiamo implementato un rigoroso processo di valutazione del rischio per mantenere i pi\u00f9 alti standard di conformit\u00e0 e proteggere dai rischi potenziali. Nei casi in cui un cliente sia considerato ad alto rischio, Praxon adotter\u00e0 misure appropriate per salvaguardare i nostri servizi e la comunit\u00e0 in generale.<\/p>\n\n\n\n<h2 class=\"wp-block-heading\"><strong>Criteri per l'identificazione del rischio elevato<\/strong><\/h2>\n\n\n\n<p>Le seguenti caratteristiche o circostanze sono indicative di un profilo ad alto rischio e possono portare ad azioni specifiche da parte di Praxon:<\/p>\n\n\n\n<ul class=\"wp-block-list\">\n<li>Profilo ad alto rischio: Quando un cliente presenta caratteristiche associate a un profilo ad alto rischio, Praxon pu\u00f2 esercitare cautela e valutare ulteriormente la situazione.<\/li>\n\n\n\n<li>Identificazione insufficiente: Se l'identit\u00e0 di un cliente non pu\u00f2 essere adeguatamente verificata, Praxon pu\u00f2 adottare misure precauzionali.<\/li>\n\n\n\n<li>Liste di sanzioni: Nel caso in cui il nome di un cliente compaia in un elenco di sanzioni, Praxon valuter\u00e0 la situazione e prender\u00e0 le misure appropriate in linea con i requisiti normativi.<\/li>\n\n\n\n<li>Stato di PEP: I clienti che sono persone esposte politicamente (PEP), familiari di PEP o stretti collaboratori di PEP sono soggetti a un maggiore controllo.<\/li>\n\n\n\n<li>Paesi\/Territori inseriti nella lista nera: I clienti che sono cittadini, residenti o registrati in paesi o territori inseriti nella lista nera di Praxon saranno soggetti a restrizioni.<\/li>\n\n\n\n<li>Transazione tramite istituti finanziari inseriti in una lista nera: Se l'istituto finanziario utilizzato in una transazione \u00e8 situato in un paese o territorio che rientra nella lista nera, Praxon pu\u00f2 intervenire.<\/li>\n\n\n\n<li>Propriet\u00e0 dei metodi di pagamento: I clienti devono essere i legittimi proprietari\/titolari dei conti bancari o delle carte di credito utilizzati per i nostri servizi.<\/li>\n\n\n\n<li>Documentazione incompleta: La mancata presentazione dei documenti richiesti o la mancata risposta alle domande necessarie pu\u00f2 comportare un ulteriore esame.<\/li>\n\n\n\n<li>Sospetto di informazioni false: Quando vi \u00e8 il ragionevole sospetto che i documenti e i dati forniti da un cliente siano falsi o non in linea con il suo profilo, Praxon indagher\u00e0.<\/li>\n\n\n\n<li>Titolare effettivo non identificato: nei casi in cui non sia possibile accertare il titolare effettivo di un cliente, verranno adottate misure appropriate.<\/li>\n<\/ul>\n\n\n\n<p>Si noti che il nostro impegno per la riduzione dei rischi \u00e8 in linea con i requisiti normativi ed \u00e8 volto a mantenere un ambiente sicuro e conforme per tutti gli utenti. Praxon si riserva il diritto di intraprendere le azioni necessarie, compresa la sospensione dei servizi o la segnalazione alle autorit\u00e0 competenti, quando individua situazioni ad alto rischio.<\/p>\n\n\n\n<p>La vostra comprensione e collaborazione in questi casi sono molto apprezzate.<\/p>\n\n\n\n<h2 class=\"wp-block-heading\"><strong>Contatto<\/strong><\/h2>\n\n\n\n<p>Se avete domande su questa clausola di esclusione di responsabilit\u00e0 per rischio elevato, scriveteci all'indirizzo Sofia 1797, distretto Studentski, 91B Metodi Andonov str. A, ap. 14, Bulgaria.<\/p>\n\n\n\n<p>Potete anche contattarci:<\/p>\n\n\n\n<ul class=\"wp-block-list\">\n<li>per telefono: <a href=\"tel:+48573503926\">+35924373071<\/a><\/li>\n\n\n\n<li>via e-mail a: <a href=\"mailto:support@praxon.io\">support@praxon.io<\/a><\/li>\n\n\n\n<li>tramite questo link: <a href=\"https:\/\/praxon.io\/it\/reach-us\/\">https:\/\/praxon.io\/reach-us\/<\/a><\/li>\n<\/ul>","protected":false},"excerpt":{"rendered":"<p>The Praxon Commitment to Risk Mitigation At Praxon, we prioritise the safety and security of our platform and its users. We have implemented a rigorous risk assessment process to maintain the highest compliance standards and protect against potential risks. In cases where a customer is deemed at high risk, Praxon will take appropriate action to [&hellip;]<\/p>","protected":false},"author":1,"featured_media":0,"parent":0,"menu_order":0,"comment_status":"closed","ping_status":"closed","template":"template-page\/policy-template.php","meta":{"inline_featured_image":false,"footnotes":""},"class_list":["post-46","page","type-page","status-publish","hentry"],"yoast_head":"<!-- This site is optimized with the Yoast SEO plugin v21.3 - https:\/\/yoast.com\/wordpress\/plugins\/seo\/ -->\n<title>High-Risk Disclaimer - Praxon<\/title>\n<meta name=\"robots\" content=\"index, follow, max-snippet:-1, max-image-preview:large, max-video-preview:-1\" \/>\n<link rel=\"canonical\" href=\"https:\/\/praxon.io\/it\/high-risk-disclaimer\/\" \/>\n<meta property=\"og:locale\" content=\"it_IT\" \/>\n<meta property=\"og:type\" content=\"article\" \/>\n<meta property=\"og:title\" content=\"High-Risk Disclaimer - Praxon\" \/>\n<meta property=\"og:description\" content=\"The Praxon Commitment to Risk Mitigation At Praxon, we prioritise the safety and security of our platform and its users. We have implemented a rigorous risk assessment process to maintain the highest compliance standards and protect against potential risks. In cases where a customer is deemed at high risk, Praxon will take appropriate action to [&hellip;]\" \/>\n<meta property=\"og:url\" content=\"https:\/\/praxon.io\/it\/high-risk-disclaimer\/\" \/>\n<meta property=\"og:site_name\" content=\"Praxon\" \/>\n<meta property=\"article:modified_time\" content=\"2024-08-30T07:29:13+00:00\" \/>\n<meta name=\"twitter:card\" content=\"summary_large_image\" \/>\n<meta name=\"twitter:label1\" content=\"Tempo di lettura stimato\" \/>\n\t<meta name=\"twitter:data1\" content=\"2 minuti\" \/>\n<script type=\"application\/ld+json\" class=\"yoast-schema-graph\">{\"@context\":\"https:\/\/schema.org\",\"@graph\":[{\"@type\":\"WebPage\",\"@id\":\"https:\/\/praxon.io\/high-risk-disclaimer\/\",\"url\":\"https:\/\/praxon.io\/high-risk-disclaimer\/\",\"name\":\"High-Risk Disclaimer - Praxon\",\"isPartOf\":{\"@id\":\"https:\/\/praxon.io\/#website\"},\"datePublished\":\"2023-10-03T21:16:27+00:00\",\"dateModified\":\"2024-08-30T07:29:13+00:00\",\"breadcrumb\":{\"@id\":\"https:\/\/praxon.io\/high-risk-disclaimer\/#breadcrumb\"},\"inLanguage\":\"it-IT\",\"potentialAction\":[{\"@type\":\"ReadAction\",\"target\":[\"https:\/\/praxon.io\/high-risk-disclaimer\/\"]}]},{\"@type\":\"BreadcrumbList\",\"@id\":\"https:\/\/praxon.io\/high-risk-disclaimer\/#breadcrumb\",\"itemListElement\":[{\"@type\":\"ListItem\",\"position\":1,\"name\":\"Home\",\"item\":\"https:\/\/praxon.io\/\"},{\"@type\":\"ListItem\",\"position\":2,\"name\":\"High-Risk Disclaimer\"}]},{\"@type\":\"WebSite\",\"@id\":\"https:\/\/praxon.io\/#website\",\"url\":\"https:\/\/praxon.io\/\",\"name\":\"Praxon\",\"description\":\"\",\"publisher\":{\"@id\":\"https:\/\/praxon.io\/#organization\"},\"potentialAction\":[{\"@type\":\"SearchAction\",\"target\":{\"@type\":\"EntryPoint\",\"urlTemplate\":\"https:\/\/praxon.io\/?s={search_term_string}\"},\"query-input\":\"required name=search_term_string\"}],\"inLanguage\":\"it-IT\"},{\"@type\":\"Organization\",\"@id\":\"https:\/\/praxon.io\/#organization\",\"name\":\"Praxon\",\"url\":\"https:\/\/praxon.io\/\",\"logo\":{\"@type\":\"ImageObject\",\"inLanguage\":\"it-IT\",\"@id\":\"https:\/\/praxon.io\/#\/schema\/logo\/image\/\",\"url\":\"https:\/\/praxon.io\/wp-content\/uploads\/2023\/10\/Logo.svg\",\"contentUrl\":\"https:\/\/praxon.io\/wp-content\/uploads\/2023\/10\/Logo.svg\",\"width\":130,\"height\":57,\"caption\":\"Praxon\"},\"image\":{\"@id\":\"https:\/\/praxon.io\/#\/schema\/logo\/image\/\"}}]}<\/script>\n<!-- \/ Yoast SEO plugin. -->","yoast_head_json":{"title":"High-Risk Disclaimer - Praxon","robots":{"index":"index","follow":"follow","max-snippet":"max-snippet:-1","max-image-preview":"max-image-preview:large","max-video-preview":"max-video-preview:-1"},"canonical":"https:\/\/praxon.io\/it\/high-risk-disclaimer\/","og_locale":"it_IT","og_type":"article","og_title":"High-Risk Disclaimer - Praxon","og_description":"The Praxon Commitment to Risk Mitigation At Praxon, we prioritise the safety and security of our platform and its users. We have implemented a rigorous risk assessment process to maintain the highest compliance standards and protect against potential risks. In cases where a customer is deemed at high risk, Praxon will take appropriate action to [&hellip;]","og_url":"https:\/\/praxon.io\/it\/high-risk-disclaimer\/","og_site_name":"Praxon","article_modified_time":"2024-08-30T07:29:13+00:00","twitter_card":"summary_large_image","twitter_misc":{"Tempo di lettura stimato":"2 minuti"},"schema":{"@context":"https:\/\/schema.org","@graph":[{"@type":"WebPage","@id":"https:\/\/praxon.io\/high-risk-disclaimer\/","url":"https:\/\/praxon.io\/high-risk-disclaimer\/","name":"High-Risk Disclaimer - Praxon","isPartOf":{"@id":"https:\/\/praxon.io\/#website"},"datePublished":"2023-10-03T21:16:27+00:00","dateModified":"2024-08-30T07:29:13+00:00","breadcrumb":{"@id":"https:\/\/praxon.io\/high-risk-disclaimer\/#breadcrumb"},"inLanguage":"it-IT","potentialAction":[{"@type":"ReadAction","target":["https:\/\/praxon.io\/high-risk-disclaimer\/"]}]},{"@type":"BreadcrumbList","@id":"https:\/\/praxon.io\/high-risk-disclaimer\/#breadcrumb","itemListElement":[{"@type":"ListItem","position":1,"name":"Home","item":"https:\/\/praxon.io\/"},{"@type":"ListItem","position":2,"name":"High-Risk Disclaimer"}]},{"@type":"WebSite","@id":"https:\/\/praxon.io\/#website","url":"https:\/\/praxon.io\/","name":"Praxon","description":"","publisher":{"@id":"https:\/\/praxon.io\/#organization"},"potentialAction":[{"@type":"SearchAction","target":{"@type":"EntryPoint","urlTemplate":"https:\/\/praxon.io\/?s={search_term_string}"},"query-input":"required name=search_term_string"}],"inLanguage":"it-IT"},{"@type":"Organization","@id":"https:\/\/praxon.io\/#organization","name":"Praxon","url":"https:\/\/praxon.io\/","logo":{"@type":"ImageObject","inLanguage":"it-IT","@id":"https:\/\/praxon.io\/#\/schema\/logo\/image\/","url":"https:\/\/praxon.io\/wp-content\/uploads\/2023\/10\/Logo.svg","contentUrl":"https:\/\/praxon.io\/wp-content\/uploads\/2023\/10\/Logo.svg","width":130,"height":57,"caption":"Praxon"},"image":{"@id":"https:\/\/praxon.io\/#\/schema\/logo\/image\/"}}]}},"_links":{"self":[{"href":"https:\/\/praxon.io\/it\/wp-json\/wp\/v2\/pages\/46","targetHints":{"allow":["GET"]}}],"collection":[{"href":"https:\/\/praxon.io\/it\/wp-json\/wp\/v2\/pages"}],"about":[{"href":"https:\/\/praxon.io\/it\/wp-json\/wp\/v2\/types\/page"}],"author":[{"embeddable":true,"href":"https:\/\/praxon.io\/it\/wp-json\/wp\/v2\/users\/1"}],"replies":[{"embeddable":true,"href":"https:\/\/praxon.io\/it\/wp-json\/wp\/v2\/comments?post=46"}],"version-history":[{"count":4,"href":"https:\/\/praxon.io\/it\/wp-json\/wp\/v2\/pages\/46\/revisions"}],"predecessor-version":[{"id":233,"href":"https:\/\/praxon.io\/it\/wp-json\/wp\/v2\/pages\/46\/revisions\/233"}],"wp:attachment":[{"href":"https:\/\/praxon.io\/it\/wp-json\/wp\/v2\/media?parent=46"}],"curies":[{"name":"wp","href":"https:\/\/api.w.org\/{rel}","templated":true}]}}