{"id":46,"date":"2023-10-04T00:16:27","date_gmt":"2023-10-03T21:16:27","guid":{"rendered":"https:\/\/praxon.io\/?page_id=46"},"modified":"2024-08-30T10:29:13","modified_gmt":"2024-08-30T07:29:13","slug":"high-risk-disclaimer","status":"publish","type":"page","link":"https:\/\/praxon.io\/de\/high-risk-disclaimer\/","title":{"rendered":"Hochrisikohaftung"},"content":{"rendered":"<h2 class=\"wp-block-heading\"><strong>Die <\/strong><strong>Praxon<\/strong><strong> Engagement f\u00fcr Risikominderung<\/strong><\/h2>\n\n\n\n<p>Bei Praxon stehen die Sicherheit unserer Plattform und ihrer Nutzer an erster Stelle. Wir haben einen strengen Risikobewertungsprozess eingef\u00fchrt, um die h\u00f6chsten Compliance-Standards einzuhalten und uns vor potenziellen Risiken zu sch\u00fctzen. In F\u00e4llen, in denen ein Kunde als hochgradig risikobehaftet eingestuft wird, ergreift Praxon geeignete Ma\u00dfnahmen, um unsere Dienste und die breitere Community zu sch\u00fctzen.<\/p>\n\n\n\n<h2 class=\"wp-block-heading\"><strong>Kriterien f\u00fcr die Identifizierung eines hohen Risikos<\/strong><\/h2>\n\n\n\n<p>Die folgenden Merkmale oder Umst\u00e4nde weisen auf ein hohes Risikoprofil hin und k\u00f6nnen zu spezifischen Ma\u00dfnahmen seitens Praxon f\u00fchren:<\/p>\n\n\n\n<ul class=\"wp-block-list\">\n<li>Hoch-Risiko-Profil: Wenn ein Kunde Merkmale aufweist, die mit einem Hochrisikoprofil in Verbindung gebracht werden, kann Praxon Vorsicht walten lassen und die Situation weiter bewerten.<\/li>\n\n\n\n<li>Unzureichende Identifizierung: Wenn die Identit\u00e4t eines Kunden nicht ausreichend \u00fcberpr\u00fcft werden kann, kann Praxon Vorsichtsma\u00dfnahmen ergreifen.<\/li>\n\n\n\n<li>Sanktionslisten: Sollte der Name eines Kunden auf einer Sanktionsliste auftauchen, wird Praxon die Situation bewerten und geeignete Schritte in \u00dcbereinstimmung mit den regulatorischen Anforderungen unternehmen.<\/li>\n\n\n\n<li>PEP-Status: Kunden, die politisch exponierte Personen (PEPs), Familienmitglieder von PEPs oder enge Mitarbeiter von PEPs sind, unterliegen einer verst\u00e4rkten Kontrolle.<\/li>\n\n\n\n<li>Auf der schwarzen Liste stehende L\u00e4nder\/Gebiete: Kunden, die B\u00fcrger oder Einwohner von L\u00e4ndern oder Gebieten sind, die auf der schwarzen Liste von Praxon stehen, m\u00fcssen mit Einschr\u00e4nkungen rechnen.<\/li>\n\n\n\n<li>Transaktionen \u00fcber Finanzinstitute, die auf der schwarzen Liste stehen: Wenn das Finanzinstitut, \u00fcber das eine Transaktion abgewickelt wird, in einem Land oder Gebiet ans\u00e4ssig ist, das auf der schwarzen Liste steht, kann Praxon intervenieren.<\/li>\n\n\n\n<li>Eigentum an den Zahlungsmitteln: Die Kunden m\u00fcssen die rechtm\u00e4\u00dfigen Eigent\u00fcmer\/Inhaber der Bankkonten oder Kreditkarten sein, die f\u00fcr unsere Dienstleistungen verwendet werden.<\/li>\n\n\n\n<li>Unvollst\u00e4ndige Unterlagen: Wenn Sie die erforderlichen Unterlagen nicht vorlegen oder die notwendigen Fragen nicht beantworten, kann dies zu einer weiteren Pr\u00fcfung f\u00fchren.<\/li>\n\n\n\n<li>Verdacht auf falsche Informationen: Wenn der begr\u00fcndete Verdacht besteht, dass von einem Kunden zur Verf\u00fcgung gestellte Dokumente und Daten falsch sind oder nicht mit seinem Profil \u00fcbereinstimmen, wird Praxon Nachforschungen anstellen.<\/li>\n\n\n\n<li>Nicht identifizierter wirtschaftlicher Eigent\u00fcmer: In F\u00e4llen, in denen der wirtschaftliche Eigent\u00fcmer eines Kunden nicht ermittelt werden kann, werden geeignete Ma\u00dfnahmen ergriffen.<\/li>\n<\/ul>\n\n\n\n<p>Bitte beachten Sie, dass unsere Verpflichtung zur Risikominderung mit den gesetzlichen Anforderungen \u00fcbereinstimmt und darauf abzielt, eine sichere und konforme Umgebung f\u00fcr alle Benutzer zu erhalten. Praxon beh\u00e4lt sich das Recht vor, notwendige Ma\u00dfnahmen zu ergreifen, einschlie\u00dflich der Vorenthaltung von Dienstleistungen oder der Meldung an die zust\u00e4ndigen Beh\u00f6rden, wenn Situationen mit hohem Risiko festgestellt werden.<\/p>\n\n\n\n<p>Wir sind Ihnen f\u00fcr Ihr Verst\u00e4ndnis und Ihre Mitarbeit in diesen Angelegenheiten sehr dankbar.<\/p>\n\n\n\n<h2 class=\"wp-block-heading\"><strong>Kontakt<\/strong><\/h2>\n\n\n\n<p>Wenn Sie Fragen zu diesem Haftungsausschluss f\u00fcr hohe Risiken haben, senden Sie uns bitte eine E-Mail an Sofia 1797, Studentski District, 91B Metodi Andonov str., entr. A, ap. 14, Bulgarien.<\/p>\n\n\n\n<p>Sie k\u00f6nnen uns auch kontaktieren:<\/p>\n\n\n\n<ul class=\"wp-block-list\">\n<li>per Telefon: <a href=\"tel:+48573503926\">+35924373071<\/a><\/li>\n\n\n\n<li>per E-Mail an: <a href=\"mailto:support@praxon.io\">support@praxon.io<\/a><\/li>\n\n\n\n<li>\u00fcber diesen Link: <a href=\"https:\/\/praxon.io\/de\/reach-us\/\">https:\/\/praxon.io\/reach-us\/<\/a><\/li>\n<\/ul>","protected":false},"excerpt":{"rendered":"<p>Die Praxon-Verpflichtung zur Risikominderung Bei Praxon stehen die Sicherheit unserer Plattform und ihrer Nutzer an erster Stelle. Wir haben einen strengen Risikobewertungsprozess eingef\u00fchrt, um die h\u00f6chsten Compliance-Standards einzuhalten und uns vor potenziellen Risiken zu sch\u00fctzen. In F\u00e4llen, in denen ein Kunde als hochgradig risikobehaftet eingestuft wird, ergreift Praxon geeignete Ma\u00dfnahmen, um [...]<\/p>","protected":false},"author":1,"featured_media":0,"parent":0,"menu_order":0,"comment_status":"closed","ping_status":"closed","template":"template-page\/policy-template.php","meta":{"inline_featured_image":false,"footnotes":""},"class_list":["post-46","page","type-page","status-publish","hentry"],"yoast_head":"<!-- This site is optimized with the Yoast SEO plugin v21.3 - https:\/\/yoast.com\/wordpress\/plugins\/seo\/ -->\n<title>High-Risk Disclaimer - Praxon<\/title>\n<meta name=\"robots\" content=\"index, follow, max-snippet:-1, max-image-preview:large, max-video-preview:-1\" \/>\n<link rel=\"canonical\" href=\"https:\/\/praxon.io\/de\/high-risk-disclaimer\/\" \/>\n<meta property=\"og:locale\" content=\"de_DE\" \/>\n<meta property=\"og:type\" content=\"article\" \/>\n<meta property=\"og:title\" content=\"High-Risk Disclaimer - Praxon\" \/>\n<meta property=\"og:description\" content=\"The Praxon Commitment to Risk Mitigation At Praxon, we prioritise the safety and security of our platform and its users. We have implemented a rigorous risk assessment process to maintain the highest compliance standards and protect against potential risks. In cases where a customer is deemed at high risk, Praxon will take appropriate action to [&hellip;]\" \/>\n<meta property=\"og:url\" content=\"https:\/\/praxon.io\/de\/high-risk-disclaimer\/\" \/>\n<meta property=\"og:site_name\" content=\"Praxon\" \/>\n<meta property=\"article:modified_time\" content=\"2024-08-30T07:29:13+00:00\" \/>\n<meta name=\"twitter:card\" content=\"summary_large_image\" \/>\n<meta name=\"twitter:label1\" content=\"Gesch\u00e4tzte Lesezeit\" \/>\n\t<meta name=\"twitter:data1\" content=\"2\u00a0Minuten\" \/>\n<script type=\"application\/ld+json\" class=\"yoast-schema-graph\">{\"@context\":\"https:\/\/schema.org\",\"@graph\":[{\"@type\":\"WebPage\",\"@id\":\"https:\/\/praxon.io\/high-risk-disclaimer\/\",\"url\":\"https:\/\/praxon.io\/high-risk-disclaimer\/\",\"name\":\"High-Risk Disclaimer - Praxon\",\"isPartOf\":{\"@id\":\"https:\/\/praxon.io\/#website\"},\"datePublished\":\"2023-10-03T21:16:27+00:00\",\"dateModified\":\"2024-08-30T07:29:13+00:00\",\"breadcrumb\":{\"@id\":\"https:\/\/praxon.io\/high-risk-disclaimer\/#breadcrumb\"},\"inLanguage\":\"de\",\"potentialAction\":[{\"@type\":\"ReadAction\",\"target\":[\"https:\/\/praxon.io\/high-risk-disclaimer\/\"]}]},{\"@type\":\"BreadcrumbList\",\"@id\":\"https:\/\/praxon.io\/high-risk-disclaimer\/#breadcrumb\",\"itemListElement\":[{\"@type\":\"ListItem\",\"position\":1,\"name\":\"Home\",\"item\":\"https:\/\/praxon.io\/\"},{\"@type\":\"ListItem\",\"position\":2,\"name\":\"High-Risk Disclaimer\"}]},{\"@type\":\"WebSite\",\"@id\":\"https:\/\/praxon.io\/#website\",\"url\":\"https:\/\/praxon.io\/\",\"name\":\"Praxon\",\"description\":\"\",\"publisher\":{\"@id\":\"https:\/\/praxon.io\/#organization\"},\"potentialAction\":[{\"@type\":\"SearchAction\",\"target\":{\"@type\":\"EntryPoint\",\"urlTemplate\":\"https:\/\/praxon.io\/?s={search_term_string}\"},\"query-input\":\"required name=search_term_string\"}],\"inLanguage\":\"de\"},{\"@type\":\"Organization\",\"@id\":\"https:\/\/praxon.io\/#organization\",\"name\":\"Praxon\",\"url\":\"https:\/\/praxon.io\/\",\"logo\":{\"@type\":\"ImageObject\",\"inLanguage\":\"de\",\"@id\":\"https:\/\/praxon.io\/#\/schema\/logo\/image\/\",\"url\":\"https:\/\/praxon.io\/wp-content\/uploads\/2023\/10\/Logo.svg\",\"contentUrl\":\"https:\/\/praxon.io\/wp-content\/uploads\/2023\/10\/Logo.svg\",\"width\":130,\"height\":57,\"caption\":\"Praxon\"},\"image\":{\"@id\":\"https:\/\/praxon.io\/#\/schema\/logo\/image\/\"}}]}<\/script>\n<!-- \/ Yoast SEO plugin. -->","yoast_head_json":{"title":"High-Risk Disclaimer - Praxon","robots":{"index":"index","follow":"follow","max-snippet":"max-snippet:-1","max-image-preview":"max-image-preview:large","max-video-preview":"max-video-preview:-1"},"canonical":"https:\/\/praxon.io\/de\/high-risk-disclaimer\/","og_locale":"de_DE","og_type":"article","og_title":"High-Risk Disclaimer - Praxon","og_description":"The Praxon Commitment to Risk Mitigation At Praxon, we prioritise the safety and security of our platform and its users. We have implemented a rigorous risk assessment process to maintain the highest compliance standards and protect against potential risks. In cases where a customer is deemed at high risk, Praxon will take appropriate action to [&hellip;]","og_url":"https:\/\/praxon.io\/de\/high-risk-disclaimer\/","og_site_name":"Praxon","article_modified_time":"2024-08-30T07:29:13+00:00","twitter_card":"summary_large_image","twitter_misc":{"Gesch\u00e4tzte Lesezeit":"2\u00a0Minuten"},"schema":{"@context":"https:\/\/schema.org","@graph":[{"@type":"WebPage","@id":"https:\/\/praxon.io\/high-risk-disclaimer\/","url":"https:\/\/praxon.io\/high-risk-disclaimer\/","name":"High-Risk Disclaimer - Praxon","isPartOf":{"@id":"https:\/\/praxon.io\/#website"},"datePublished":"2023-10-03T21:16:27+00:00","dateModified":"2024-08-30T07:29:13+00:00","breadcrumb":{"@id":"https:\/\/praxon.io\/high-risk-disclaimer\/#breadcrumb"},"inLanguage":"de","potentialAction":[{"@type":"ReadAction","target":["https:\/\/praxon.io\/high-risk-disclaimer\/"]}]},{"@type":"BreadcrumbList","@id":"https:\/\/praxon.io\/high-risk-disclaimer\/#breadcrumb","itemListElement":[{"@type":"ListItem","position":1,"name":"Home","item":"https:\/\/praxon.io\/"},{"@type":"ListItem","position":2,"name":"High-Risk Disclaimer"}]},{"@type":"WebSite","@id":"https:\/\/praxon.io\/#website","url":"https:\/\/praxon.io\/","name":"Praxon","description":"","publisher":{"@id":"https:\/\/praxon.io\/#organization"},"potentialAction":[{"@type":"SearchAction","target":{"@type":"EntryPoint","urlTemplate":"https:\/\/praxon.io\/?s={search_term_string}"},"query-input":"required name=search_term_string"}],"inLanguage":"de"},{"@type":"Organization","@id":"https:\/\/praxon.io\/#organization","name":"Praxon","url":"https:\/\/praxon.io\/","logo":{"@type":"ImageObject","inLanguage":"de","@id":"https:\/\/praxon.io\/#\/schema\/logo\/image\/","url":"https:\/\/praxon.io\/wp-content\/uploads\/2023\/10\/Logo.svg","contentUrl":"https:\/\/praxon.io\/wp-content\/uploads\/2023\/10\/Logo.svg","width":130,"height":57,"caption":"Praxon"},"image":{"@id":"https:\/\/praxon.io\/#\/schema\/logo\/image\/"}}]}},"_links":{"self":[{"href":"https:\/\/praxon.io\/de\/wp-json\/wp\/v2\/pages\/46","targetHints":{"allow":["GET"]}}],"collection":[{"href":"https:\/\/praxon.io\/de\/wp-json\/wp\/v2\/pages"}],"about":[{"href":"https:\/\/praxon.io\/de\/wp-json\/wp\/v2\/types\/page"}],"author":[{"embeddable":true,"href":"https:\/\/praxon.io\/de\/wp-json\/wp\/v2\/users\/1"}],"replies":[{"embeddable":true,"href":"https:\/\/praxon.io\/de\/wp-json\/wp\/v2\/comments?post=46"}],"version-history":[{"count":4,"href":"https:\/\/praxon.io\/de\/wp-json\/wp\/v2\/pages\/46\/revisions"}],"predecessor-version":[{"id":233,"href":"https:\/\/praxon.io\/de\/wp-json\/wp\/v2\/pages\/46\/revisions\/233"}],"wp:attachment":[{"href":"https:\/\/praxon.io\/de\/wp-json\/wp\/v2\/media?parent=46"}],"curies":[{"name":"wp","href":"https:\/\/api.w.org\/{rel}","templated":true}]}}