{"id":42,"date":"2023-10-04T00:16:12","date_gmt":"2023-10-03T21:16:12","guid":{"rendered":"https:\/\/praxon.io\/?page_id=42"},"modified":"2024-08-30T10:29:53","modified_gmt":"2024-08-30T07:29:53","slug":"refund-policy","status":"publish","type":"page","link":"https:\/\/praxon.io\/de\/refund-policy\/","title":{"rendered":"Erstattungspolitik"},"content":{"rendered":"<h2 class=\"wp-block-heading\"><strong>Einf\u00fchrung<\/strong><\/h2>\n\n\n\n<p>Diese R\u00fcckerstattungsrichtlinie (\"Richtlinie\") umrei\u00dft die R\u00fcckerstattungsverfahren und -bedingungen f\u00fcr Kryptow\u00e4hrungstransaktionen auf unserer B2B-Online-Kryptob\u00f6rse. Bitte lesen Sie diese Richtlinie sorgf\u00e4ltig durch, bevor Sie Kryptow\u00e4hrungstransaktionen mit Praxon durchf\u00fchren, das zu <strong>Zukunftshorizonte EOOD, <\/strong>ein Unternehmen mit Sitz in Sofia 1797, Bezirk Studentski, 91B Metodi Andonov str., entr. A, ap. 14, Bulgarien, E-Mail: support@praxon.io, bezeichnet als \"wir\", \"unser\" oder \"uns\".<\/p>\n\n\n\n<h2 class=\"wp-block-heading\"><strong>Alle Transaktionen sind endg\u00fcltig<\/strong><\/h2>\n\n\n\n<p>Alle Verk\u00e4ufe und K\u00e4ufe von Kryptow\u00e4hrungen, die \u00fcber unsere Plattform get\u00e4tigt werden, gelten als endg\u00fcltig. Wir akzeptieren keine R\u00fcckgaben oder Erstattungen f\u00fcr Kryptow\u00e4hrungsk\u00e4ufe. Es ist wichtig, Vorsicht walten zu lassen und die Richtigkeit Ihrer Transaktionen sicherzustellen, bevor Sie einen Kauf abschlie\u00dfen.<\/p>\n\n\n\n<h2 class=\"wp-block-heading\"><strong>Technische Probleme oder hohe Preisvolatilit\u00e4t<\/strong><\/h2>\n\n\n\n<p>In F\u00e4llen, in denen eine Kryptow\u00e4hrungstransaktion aufgrund technischer Probleme oder hoher Preisvolatilit\u00e4t w\u00e4hrend des Kartenkaufs nicht verarbeitet werden kann, schreibt Praxon dem Konto des Mitglieds Fiat-W\u00e4hrung gut. Wir sind bestrebt, technische Probleme umgehend zu l\u00f6sen und die Integrit\u00e4t unserer Dienstleistungen zu gew\u00e4hrleisten.<\/p>\n\n\n\n<h2 class=\"wp-block-heading\"><strong>Recht auf Stornierung von Auftr\u00e4gen<\/strong><\/h2>\n\n\n\n<p>Praxon beh\u00e4lt sich das Recht vor, in seltenen F\u00e4llen eine Bestellung zu stornieren oder einen anderen Preis f\u00fcr unsere Dienstleistungen anzubieten. Wenn Ihre Bestellung storniert wird und wir bereits FIAT-W\u00e4hrung von Ihnen f\u00fcr diese Bestellung erhalten haben, halten wir uns an die geltenden Gesetze und Vorschriften f\u00fcr R\u00fcckerstattungen.<\/p>\n\n\n\n<h2 class=\"wp-block-heading\"><strong>Erstattungsprozess<\/strong><\/h2>\n\n\n\n<p>Die R\u00fcckerstattung erfolgt an dieselbe Quelle, aus der die Zahlung stammt. Wir k\u00f6nnen jedoch alle anfallenden Kosten oder Ausgaben abziehen, die w\u00e4hrend der \u00dcberweisung entstanden sind, einschlie\u00dflich \u00dcberweisungsgeb\u00fchren, W\u00e4hrungsumtauschgeb\u00fchren und Zahlungsbearbeitungsgeb\u00fchren.<\/p>\n\n\n\n<p>Nach unserem alleinigen Ermessen k\u00f6nnen Gelder an eine andere Quelle zur\u00fcckerstattet werden, wenn Sie die erforderlichen Dokumente und Informationen vorlegen, um die Eigent\u00fcmerschaft des angegebenen Kontos zu \u00fcberpr\u00fcfen. Zur Einhaltung der Vorschriften zur Bek\u00e4mpfung der Geldw\u00e4sche und der beh\u00f6rdlichen Auflagen k\u00f6nnen wir bestimmte Dokumente anfordern, darunter Ausweisdokumente, Kopien von Kreditkarten (mit bestimmten Sicherheitsma\u00dfnahmen), Bankdaten oder andere f\u00fcr die Bearbeitung der R\u00fcckerstattung erforderliche Nachweise.<\/p>\n\n\n\n<h2 class=\"wp-block-heading\"><strong>Preisvolatilit\u00e4t bei Kryptow\u00e4hrungen<\/strong><\/h2>\n\n\n\n<p>Aufgrund der inh\u00e4renten Volatilit\u00e4t von Kryptow\u00e4hrungen werden Erstattungen f\u00fcr Kryptow\u00e4hrungstransaktionen auf der Grundlage des EUR-Wertes zum Zeitpunkt der Transaktion vorgenommen. Wir sind nicht in der Lage, den genauen Betrag der erhaltenen Kryptow\u00e4hrung unter Ber\u00fccksichtigung des EUR-Gegenwerts zum Zeitpunkt der Transaktion zu erstatten. Alle anfallenden Kosten und Ausgaben werden von der R\u00fcckerstattung abgezogen.<\/p>\n\n\n\n<h2 class=\"wp-block-heading\"><strong>Betrugsbek\u00e4mpfung<\/strong><\/h2>\n\n\n\n<p>Praxon geht streng gegen betr\u00fcgerische und illegale Aktivit\u00e4ten vor. Wir behalten uns das Recht vor, Bestellungen ohne R\u00fcckerstattung zu stornieren oder R\u00fcckerstattungsantr\u00e4ge abzulehnen, wenn wir betr\u00fcgerische oder illegale Aktivit\u00e4ten Ihrerseits vermuten.<\/p>\n\n\n\n<h2 class=\"wp-block-heading\"><strong>Bearbeitungszeit f\u00fcr Erstattungen<\/strong><\/h2>\n\n\n\n<p>R\u00fcckerstattungen werden umgehend, innerhalb von maximal 7 (sieben) Werktagen nach der Stornierung einer Bestellung bearbeitet, sofern uns alle erforderlichen Informationen und Unterlagen in \u00dcbereinstimmung mit dieser Richtlinie zur Verf\u00fcgung gestellt wurden.<\/p>\n\n\n\n<h2 class=\"wp-block-heading\"><strong>Kontakt<\/strong><\/h2>\n\n\n\n<p>Wenn Sie Fragen zu dieser R\u00fcckerstattungsrichtlinie haben, schreiben Sie uns bitte an Sofia 1797, Studentski District, 91B Metodi Andonov str., entr. A, ap. 14, Bulgarien.<\/p>\n\n\n\n<ul class=\"wp-block-list\">\n<li>per Telefon: <a href=\"tel:+35924373071\">+35924373071<\/a><\/li>\n\n\n\n<li>per E-Mail an: <a href=\"mailto:support@praxon.io\">support@praxon.io<\/a><\/li>\n\n\n\n<li>\u00fcber diesen Link: <a href=\"https:\/\/praxon.io\/de\/reach-us\/\">https:\/\/praxon.io\/reach-us\/<\/a><\/li>\n<\/ul>\n\n\n\n<p>Wir danken Ihnen f\u00fcr Ihr Verst\u00e4ndnis und Ihre Mitarbeit bei der Einhaltung dieser Richtlinie.<\/p>","protected":false},"excerpt":{"rendered":"<p>Einleitung Diese R\u00fcckerstattungsrichtlinie (\"Richtlinie\") umrei\u00dft die R\u00fcckerstattungsverfahren und -bedingungen, die f\u00fcr Kryptow\u00e4hrungstransaktionen auf unserer B2B-Online-Kryptow\u00e4hrungsb\u00f6rse gelten. Bitte lesen Sie diese Richtlinie sorgf\u00e4ltig durch, bevor Sie Kryptow\u00e4hrungstransaktionen mit Praxon durchf\u00fchren. Praxon geh\u00f6rt zu Future Horizons EOOD, einem Unternehmen mit Sitz in Sofia 1797, Studentski District, 91B Metodi Andonov str., entr. A, ap. 14, Bulgarien, [...]<\/p>","protected":false},"author":1,"featured_media":0,"parent":0,"menu_order":0,"comment_status":"closed","ping_status":"closed","template":"template-page\/policy-template.php","meta":{"inline_featured_image":false,"footnotes":""},"class_list":["post-42","page","type-page","status-publish","hentry"],"yoast_head":"<!-- This site is optimized with the Yoast SEO plugin v21.3 - https:\/\/yoast.com\/wordpress\/plugins\/seo\/ -->\n<title>Refund Policy - Praxon<\/title>\n<meta name=\"robots\" content=\"index, follow, max-snippet:-1, max-image-preview:large, max-video-preview:-1\" \/>\n<link rel=\"canonical\" href=\"https:\/\/praxon.io\/de\/refund-policy\/\" \/>\n<meta property=\"og:locale\" content=\"de_DE\" \/>\n<meta property=\"og:type\" content=\"article\" \/>\n<meta property=\"og:title\" content=\"Refund Policy - Praxon\" \/>\n<meta property=\"og:description\" content=\"Introduction This Refund Policy (&#8220;Policy&#8221;) outlines the refund procedures and terms governing cryptocurrency transactions on our B2B online crypto exchange. Please read this Policy carefully before engaging in any cryptocurrency transactions with Praxon, owned by Future Horizons EOOD, a company registered at Sofia 1797, Studentski District, 91B Metodi Andonov str., entr. A, ap. 14, Bulgaria, [&hellip;]\" \/>\n<meta property=\"og:url\" content=\"https:\/\/praxon.io\/de\/refund-policy\/\" \/>\n<meta property=\"og:site_name\" content=\"Praxon\" \/>\n<meta property=\"article:modified_time\" content=\"2024-08-30T07:29:53+00:00\" \/>\n<meta name=\"twitter:card\" content=\"summary_large_image\" \/>\n<meta name=\"twitter:label1\" content=\"Gesch\u00e4tzte Lesezeit\" \/>\n\t<meta name=\"twitter:data1\" content=\"3\u00a0Minuten\" \/>\n<script type=\"application\/ld+json\" class=\"yoast-schema-graph\">{\"@context\":\"https:\/\/schema.org\",\"@graph\":[{\"@type\":\"WebPage\",\"@id\":\"https:\/\/praxon.io\/refund-policy\/\",\"url\":\"https:\/\/praxon.io\/refund-policy\/\",\"name\":\"Refund Policy - Praxon\",\"isPartOf\":{\"@id\":\"https:\/\/praxon.io\/#website\"},\"datePublished\":\"2023-10-03T21:16:12+00:00\",\"dateModified\":\"2024-08-30T07:29:53+00:00\",\"breadcrumb\":{\"@id\":\"https:\/\/praxon.io\/refund-policy\/#breadcrumb\"},\"inLanguage\":\"de\",\"potentialAction\":[{\"@type\":\"ReadAction\",\"target\":[\"https:\/\/praxon.io\/refund-policy\/\"]}]},{\"@type\":\"BreadcrumbList\",\"@id\":\"https:\/\/praxon.io\/refund-policy\/#breadcrumb\",\"itemListElement\":[{\"@type\":\"ListItem\",\"position\":1,\"name\":\"Home\",\"item\":\"https:\/\/praxon.io\/\"},{\"@type\":\"ListItem\",\"position\":2,\"name\":\"Refund Policy\"}]},{\"@type\":\"WebSite\",\"@id\":\"https:\/\/praxon.io\/#website\",\"url\":\"https:\/\/praxon.io\/\",\"name\":\"Praxon\",\"description\":\"\",\"publisher\":{\"@id\":\"https:\/\/praxon.io\/#organization\"},\"potentialAction\":[{\"@type\":\"SearchAction\",\"target\":{\"@type\":\"EntryPoint\",\"urlTemplate\":\"https:\/\/praxon.io\/?s={search_term_string}\"},\"query-input\":\"required name=search_term_string\"}],\"inLanguage\":\"de\"},{\"@type\":\"Organization\",\"@id\":\"https:\/\/praxon.io\/#organization\",\"name\":\"Praxon\",\"url\":\"https:\/\/praxon.io\/\",\"logo\":{\"@type\":\"ImageObject\",\"inLanguage\":\"de\",\"@id\":\"https:\/\/praxon.io\/#\/schema\/logo\/image\/\",\"url\":\"https:\/\/praxon.io\/wp-content\/uploads\/2023\/10\/Logo.svg\",\"contentUrl\":\"https:\/\/praxon.io\/wp-content\/uploads\/2023\/10\/Logo.svg\",\"width\":130,\"height\":57,\"caption\":\"Praxon\"},\"image\":{\"@id\":\"https:\/\/praxon.io\/#\/schema\/logo\/image\/\"}}]}<\/script>\n<!-- \/ Yoast SEO plugin. -->","yoast_head_json":{"title":"Refund Policy - Praxon","robots":{"index":"index","follow":"follow","max-snippet":"max-snippet:-1","max-image-preview":"max-image-preview:large","max-video-preview":"max-video-preview:-1"},"canonical":"https:\/\/praxon.io\/de\/refund-policy\/","og_locale":"de_DE","og_type":"article","og_title":"Refund Policy - Praxon","og_description":"Introduction This Refund Policy (&#8220;Policy&#8221;) outlines the refund procedures and terms governing cryptocurrency transactions on our B2B online crypto exchange. Please read this Policy carefully before engaging in any cryptocurrency transactions with Praxon, owned by Future Horizons EOOD, a company registered at Sofia 1797, Studentski District, 91B Metodi Andonov str., entr. A, ap. 14, Bulgaria, [&hellip;]","og_url":"https:\/\/praxon.io\/de\/refund-policy\/","og_site_name":"Praxon","article_modified_time":"2024-08-30T07:29:53+00:00","twitter_card":"summary_large_image","twitter_misc":{"Gesch\u00e4tzte Lesezeit":"3\u00a0Minuten"},"schema":{"@context":"https:\/\/schema.org","@graph":[{"@type":"WebPage","@id":"https:\/\/praxon.io\/refund-policy\/","url":"https:\/\/praxon.io\/refund-policy\/","name":"Refund Policy - Praxon","isPartOf":{"@id":"https:\/\/praxon.io\/#website"},"datePublished":"2023-10-03T21:16:12+00:00","dateModified":"2024-08-30T07:29:53+00:00","breadcrumb":{"@id":"https:\/\/praxon.io\/refund-policy\/#breadcrumb"},"inLanguage":"de","potentialAction":[{"@type":"ReadAction","target":["https:\/\/praxon.io\/refund-policy\/"]}]},{"@type":"BreadcrumbList","@id":"https:\/\/praxon.io\/refund-policy\/#breadcrumb","itemListElement":[{"@type":"ListItem","position":1,"name":"Home","item":"https:\/\/praxon.io\/"},{"@type":"ListItem","position":2,"name":"Refund Policy"}]},{"@type":"WebSite","@id":"https:\/\/praxon.io\/#website","url":"https:\/\/praxon.io\/","name":"Praxon","description":"","publisher":{"@id":"https:\/\/praxon.io\/#organization"},"potentialAction":[{"@type":"SearchAction","target":{"@type":"EntryPoint","urlTemplate":"https:\/\/praxon.io\/?s={search_term_string}"},"query-input":"required name=search_term_string"}],"inLanguage":"de"},{"@type":"Organization","@id":"https:\/\/praxon.io\/#organization","name":"Praxon","url":"https:\/\/praxon.io\/","logo":{"@type":"ImageObject","inLanguage":"de","@id":"https:\/\/praxon.io\/#\/schema\/logo\/image\/","url":"https:\/\/praxon.io\/wp-content\/uploads\/2023\/10\/Logo.svg","contentUrl":"https:\/\/praxon.io\/wp-content\/uploads\/2023\/10\/Logo.svg","width":130,"height":57,"caption":"Praxon"},"image":{"@id":"https:\/\/praxon.io\/#\/schema\/logo\/image\/"}}]}},"_links":{"self":[{"href":"https:\/\/praxon.io\/de\/wp-json\/wp\/v2\/pages\/42","targetHints":{"allow":["GET"]}}],"collection":[{"href":"https:\/\/praxon.io\/de\/wp-json\/wp\/v2\/pages"}],"about":[{"href":"https:\/\/praxon.io\/de\/wp-json\/wp\/v2\/types\/page"}],"author":[{"embeddable":true,"href":"https:\/\/praxon.io\/de\/wp-json\/wp\/v2\/users\/1"}],"replies":[{"embeddable":true,"href":"https:\/\/praxon.io\/de\/wp-json\/wp\/v2\/comments?post=42"}],"version-history":[{"count":7,"href":"https:\/\/praxon.io\/de\/wp-json\/wp\/v2\/pages\/42\/revisions"}],"predecessor-version":[{"id":237,"href":"https:\/\/praxon.io\/de\/wp-json\/wp\/v2\/pages\/42\/revisions\/237"}],"wp:attachment":[{"href":"https:\/\/praxon.io\/de\/wp-json\/wp\/v2\/media?parent=42"}],"curies":[{"name":"wp","href":"https:\/\/api.w.org\/{rel}","templated":true}]}}