{"id":40,"date":"2023-10-04T00:16:01","date_gmt":"2023-10-03T21:16:01","guid":{"rendered":"https:\/\/praxon.io\/?page_id=40"},"modified":"2024-08-30T10:29:28","modified_gmt":"2024-08-30T07:29:28","slug":"cookie-policy","status":"publish","type":"page","link":"https:\/\/praxon.io\/de\/cookie-policy\/","title":{"rendered":"Cookie-Richtlinie"},"content":{"rendered":"<h2 class=\"wp-block-heading\"><strong>Einf\u00fchrung<\/strong><\/h2>\n\n\n\n<p>Diese Cookie-Richtlinie regelt zusammen mit unserer Datenschutzrichtlinie die Verwendung von Cookies und \u00e4hnlichen Technologien durch Praxon, wenn Sie mit unserer Website praxon.io oder anderen Websites, Seiten oder Funktionen interagieren und wenn Sie Online-Werbung oder Marketing-E-Mails von Praxon nutzen (zusammen die \"Dienstleistungen\"). Diese Richtlinie erkl\u00e4rt diese Technologien, warum wir sie verwenden, und Ihre Rechte, unsere Verwendung zu kontrollieren.<\/p>\n\n\n\n<h2 class=\"wp-block-heading\"><strong>Verwendung von Cookies und \u00e4hnlichen Technologien<\/strong><\/h2>\n\n\n\n<p>Auf unserer Website und bei der Nutzung unserer Dienste verwenden wir Cookies und andere Technologien wie Software Development Kits (\"SDKs\"), Pixel und lokale Speicher. Diese Technologien erm\u00f6glichen es uns, Informationen auf Ihrem Ger\u00e4t zu speichern oder auf dort gespeicherte Daten zuzugreifen, damit wir bestimmte Funktionen aktivieren und Sie von anderen Besuchern unterscheiden k\u00f6nnen. Wir verwenden sowohl Cookies von Erstanbietern als auch von Drittanbietern und andere Technologien f\u00fcr verschiedene Zwecke, darunter:<\/p>\n\n\n\n<ul class=\"wp-block-list\">\n<li>Sie als Praxon-Kunde zu erkennen.<\/li>\n\n\n\n<li>Anpassung von Diensten, Inhalten und Werbung.<\/li>\n\n\n\n<li>Messung der Wirksamkeit der Werbung.<\/li>\n\n\n\n<li>Sammeln von Informationen \u00fcber Ihren Computer oder andere Zugangsger\u00e4te, um Risiken zu mindern, Betrug zu verhindern und das Vertrauen und die Sicherheit zu erh\u00f6hen.<\/li>\n<\/ul>\n\n\n\n<p>In einigen F\u00e4llen k\u00f6nnen wir Cookies und andere Technologien verwenden, um personenbezogene Daten zu sammeln. Wenn personenbezogene Informationen mit anderen Daten kombiniert werden, gilt unsere Datenschutzrichtlinie f\u00fcr diese Daten. Wenn Sie Fragen zu unserer Verwendung von Cookies oder anderen Technologien haben, kontaktieren Sie uns bitte unter support@praxon.io.<\/p>\n\n\n\n<h2 class=\"wp-block-heading\"><strong>Definitionen<\/strong><\/h2>\n\n\n\n<p>In dieser Cookie-Richtlinie bezieht sich \"Praxon\", \"wir\", \"uns\" oder \"unser\" auf <strong>Zukunftshorizonte EOOD, <\/strong>ein Unternehmen mit Sitz in Sofia 1797, Bezirk Studentski, 91B Metodi Andonov str., entr. A, ap. 14, Bulgarien E-Mail: support@praxon.io.<\/p>\n\n\n\n<h2 class=\"wp-block-heading\"><strong>Ihr Einverst\u00e4ndnis und Ihre Wahlm\u00f6glichkeiten<\/strong><\/h2>\n\n\n\n<p>Wenn Sie zum ersten Mal auf unsere Website zugreifen oder unsere Dienste nutzen, bitten wir Sie um Ihre Zustimmung zur Verwendung von Cookies und \u00e4hnlichen Technologien im Rahmen dieser Richtlinie. Sie k\u00f6nnen Ihre Cookie-Pr\u00e4ferenzen verwalten, indem Sie die Einstellungen in Ihrem Browser anpassen. Bitte beachten Sie, dass die Deaktivierung bestimmter Cookies die Funktionalit\u00e4t unserer Dienste beeintr\u00e4chtigen kann.<\/p>\n\n\n\n<h2 class=\"wp-block-heading\"><strong>Arten von Cookies, die wir verwenden<\/strong><\/h2>\n\n\n\n<p>Nachstehend finden Sie eine Liste der Arten von Cookies, die wir verwenden:<\/p>\n\n\n\n<ul class=\"wp-block-list\">\n<li>Streng Notwendige Cookies: Diese Cookies sind f\u00fcr das ordnungsgem\u00e4\u00dfe Funktionieren der Dienste unerl\u00e4sslich und k\u00f6nnen nicht deaktiviert werden.<\/li>\n\n\n\n<li>Leistungs-Cookies: Diese Cookies helfen uns zu analysieren, wie Besucher unsere Website nutzen, und erm\u00f6glichen es uns, ihre Leistung zu verbessern.<\/li>\n\n\n\n<li>Funktionale Cookies: Diese Cookies erm\u00f6glichen eine verbesserte Funktionalit\u00e4t und Personalisierung unserer Dienste.<\/li>\n\n\n\n<li>Zielgerichtete Cookies:  Diese Cookies werden verwendet, um relevantere Werbung f\u00fcr Sie und Ihre Interessen zu liefern.<\/li>\n<\/ul>\n\n\n\n<h2 class=\"wp-block-heading\"><strong>Verwendete Technologien<\/strong><\/h2>\n\n\n\n<p>Bei Praxon setzen wir verschiedene Technologien ein, um Ihre Erfahrung zu verbessern und einen besseren Service zu bieten. Zu diesen Technologien geh\u00f6ren Cookies, Pixel, lokale Speicherung und Software Development Kits (SDKs).<\/p>\n\n\n\n<h3 class=\"wp-block-heading\"><strong>Cookies<\/strong><\/h3>\n\n\n\n<p>Cookies sind kleine Textdateien, die mehreren Zwecken dienen, darunter den oben beschriebenen. Sie erm\u00f6glichen uns und unseren Dienstleistern, Ihren Browser oder Ihr Ger\u00e4t eindeutig zu identifizieren. Cookies weisen Ihrem Ger\u00e4t eine eindeutige Kennung zu und werden von den Websites, die Sie besuchen, und von Drittanbietern, die mit diesen Websites verbunden sind, in Ihrem Browser gespeichert.<\/p>\n\n\n\n<h3 class=\"wp-block-heading\"><strong>Software-Entwicklungskits (SDKs)<\/strong><\/h3>\n\n\n\n<p>SDKs bestehen aus Codebl\u00f6cken, die in Websites und mobile Anwendungen integriert werden k\u00f6nnen. Sie helfen uns zu verstehen, wie Sie mit unserer Website und unseren mobilen Anwendungen interagieren, und sammeln wertvolle Informationen \u00fcber die Ger\u00e4te und Netzwerke, die Sie f\u00fcr den Zugriff auf unsere Dienste verwenden.<\/p>\n\n\n\n<h3 class=\"wp-block-heading\"><strong>Bildpunkte<\/strong><\/h3>\n\n\n\n<p>Pixel sind winzige, unsichtbare Bilder, die in bestimmte Webseiten oder E-Mails eingebettet sind. Diese Pixel sind wichtig, um Informationen \u00fcber Ihre Website-Besuche zu sammeln, zu verfolgen, wann Sie E-Mails \u00f6ffnen, und Cookies zu setzen.<\/p>\n\n\n\n<h3 class=\"wp-block-heading\"><strong>Lokale Lagerung<\/strong><\/h3>\n\n\n\n<p>Die lokale Speicherung erm\u00f6glicht die direkte Speicherung von Daten in Ihrem Browser oder auf Ihrem Ger\u00e4t. Diese Technologie umfasst den lokalen HTML5-Speicher und den Browser-Cache, der die Funktionalit\u00e4t der Website verbessert und es uns erm\u00f6glicht, Ihre Einstellungen zu speichern.<\/p>\n\n\n\n<p>Diese Technologien erm\u00f6glichen es uns, Ihnen ein nahtloses und ma\u00dfgeschneidertes Erlebnis zu bieten, wenn Sie mit unserer Plattform interagieren. Wenn Sie Fragen oder Bedenken bez\u00fcglich der Verwendung dieser Technologien haben, z\u00f6gern Sie bitte nicht, uns unter sypport@praxon.io zu kontaktieren.<\/p>\n\n\n\n<h2 class=\"wp-block-heading\"><strong>Kategorien von Cookies und anderen Tracking-Technologien<\/strong><\/h2>\n\n\n\n<p>Tracking-Technologien k\u00f6nnen als \"Erstanbieter\" oder \"Drittanbieter\" kategorisiert werden.&nbsp;<\/p>\n\n\n\n<p>Tracking-Technologien von Erstanbietern werden direkt von uns eingestellt und verwendet, w\u00e4hrend Tracking-Technologien von Drittanbietern (z. B. Analytik- oder Werbedienstleister) \u00fcber unsere Website eingestellt werden.<\/p>\n\n\n\n<p>Die von unseren Partnern in Verbindung mit unserer Website verwendeten Tracking-Technologien fallen in vier Hauptkategorien:<\/p>\n\n\n\n<h3 class=\"wp-block-heading\"><strong>Streng Notwendig<\/strong><\/h3>\n\n\n\n<p>Streng notwendige Tracking-Technologien sind unerl\u00e4sslich, um Ihnen den Zugang zur Website und zu den von Ihnen angeforderten Funktionen zu erm\u00f6glichen. Sie erm\u00f6glichen Funktionen wie das sichere Einloggen in gesch\u00fctzte Bereiche der Website. Da diese Technologien f\u00fcr das ordnungsgem\u00e4\u00dfe Funktionieren der Website und der gew\u00fcnschten Funktionen unerl\u00e4sslich sind, k\u00f6nnen sie nicht abgelehnt werden.<\/p>\n\n\n\n<h3 class=\"wp-block-heading\"><strong>Funktionsweise<\/strong><\/h3>\n\n\n\n<p>Technologien zur Funktionsverfolgung zeichnen Informationen auf, die Sie eingeben oder die Sie ausw\u00e4hlen, wie z. B. Anmeldedaten, Anmeldestatus, Benutzer-ID, Spracheinstellungen f\u00fcr die Website und Cookie-Einstellungen. Sie helfen dabei, die Effizienz der Website zu verbessern und sie an Ihre Pr\u00e4ferenzen anzupassen.<\/p>\n\n\n\n<h3 class=\"wp-block-heading\"><strong>Analytik und Leistung<\/strong><\/h3>\n\n\n\n<p>Technologien zur Analyse und Leistungsverfolgung analysieren, wie Sie mit der Website interagieren. Dazu geh\u00f6rt die Verfolgung, welche Seiten Sie am h\u00e4ufigsten besuchen, Ihre Interaktionen mit Inhalten, Fehlermessungen und das Testen verschiedener Designideen. Aus den gesammelten Daten werden Berichte erstellt und Ihre Aktivit\u00e4ten und Nutzungsmuster als Nutzer der Website bewertet.<\/p>\n\n\n\n<h3 class=\"wp-block-heading\"><strong>Werbung und Marketing<\/strong><\/h3>\n\n\n\n<p>Unsere Website kann Werbe- und Marketing-Tracking-Technologien Dritter verwenden. Diese Technologien helfen uns, gelegentlich auch Dritten, bei der Werbung f\u00fcr unsere Dienste auf anderen Plattformen und Websites. Sie helfen auch, die Wirksamkeit unserer Werbekampagnen zu messen.<\/p>\n\n\n\n<p>Bitte beachten Sie, dass diese Tracking-Technologien eine entscheidende Rolle bei der Verbesserung Ihrer Erfahrung auf unserer Website spielen. Wenn Sie Fragen oder Bedenken bez\u00fcglich der Verwendung dieser Technologien haben, k\u00f6nnen Sie uns gerne unter support@praxon.io kontaktieren.<\/p>\n\n\n\n<h2 class=\"wp-block-heading\"><strong>Wie man Cookies und \u00e4hnliche Technologien verwaltet<\/strong><\/h2>\n\n\n\n<p>Sie k\u00f6nnen Cookies und \u00e4hnliche Technologien auf Ihrem Ger\u00e4t \u00fcber die Einstellungen Ihres Browsers kontrollieren und verwalten. Bitte beachten Sie, dass wir Cookies und \u00e4hnliche Technologien, die auf von Dritten verwalteten Websites (z. B. Google usw.) gesetzt werden, nicht l\u00f6schen k\u00f6nnen. Sie k\u00f6nnen solche Cookies \u00fcber die Einstellungen Ihres Browsers l\u00f6schen.<\/p>\n\n\n\n<p>Es ist wichtig zu beachten, dass das Blockieren oder L\u00f6schen von Cookies und \u00e4hnlichen Technologien zum Verlust bestimmter Einstellungen f\u00fchren kann. Au\u00dferdem kann das Blockieren aller Cookies oder \u00e4hnlicher Technologien das ordnungsgem\u00e4\u00dfe Funktionieren bestimmter Funktionen der Website beeintr\u00e4chtigen. Wenn Sie sich daf\u00fcr entscheiden, Cookies oder \u00e4hnliche Technologien abzulehnen oder zu l\u00f6schen, sollten Sie sich daher bewusst sein, dass Sie m\u00f6glicherweise nicht alle Funktionen der Website vollst\u00e4ndig nutzen k\u00f6nnen.<\/p>\n\n\n\n<p>Ausf\u00fchrlichere Anleitungen zur Verwaltung von Cookies in den am h\u00e4ufigsten verwendeten Browsern finden Sie in den folgenden Ressourcen:<\/p>\n\n\n\n<ul class=\"wp-block-list\">\n<li><a href=\"https:\/\/support.google.com\/chrome\/answer\/95647\">Google Chrome<\/a><\/li>\n\n\n\n<li><a href=\"https:\/\/support.apple.com\/guide\/safari\/manage-cookies-and-website-data-sfri11471\/mac\">Safari<\/a><\/li>\n\n\n\n<li><a href=\"https:\/\/support.mozilla.org\/en-US\/kb\/enable-and-disable-cookies-website-preferences\">Firefox<\/a><\/li>\n\n\n\n<li><a href=\"https:\/\/support.microsoft.com\/en-us\/topic\/delete-and-manage-cookies-168dab11-0753-043d-7c16-ede5947fc64d\">Internet Explorer<\/a><\/li>\n\n\n\n<li><a href=\"https:\/\/help.opera.com\/en\/latest\/web-preferences\/\">Oper<\/a><\/li>\n<\/ul>\n\n\n\n<h2 class=\"wp-block-heading\"><strong>Aktualisierungen dieser Politik<\/strong><\/h2>\n\n\n\n<p>Diese Cookie-Richtlinie kann in regelm\u00e4\u00dfigen Abst\u00e4nden aktualisiert werden, um \u00c4nderungen in unserer Verwendung von Cookies und \u00e4hnlichen Technologien zu ber\u00fccksichtigen. Wir empfehlen Ihnen, diese Richtlinie regelm\u00e4\u00dfig auf Aktualisierungen zu \u00fcberpr\u00fcfen.<\/p>\n\n\n\n<h2 class=\"wp-block-heading\"><strong>Kontakt<\/strong><\/h2>\n\n\n\n<p>Wenn Sie Fragen zu dieser Cookie-Richtlinie haben, schreiben Sie uns bitte an Sofia 1797, Studentski District, 91B Metodi Andonov str., entr. A, ap. 14, Bulgarien.<\/p>\n\n\n\n<p>Sie k\u00f6nnen uns auch kontaktieren:<\/p>\n\n\n\n<ul class=\"wp-block-list\">\n<li>per Telefon: <a href=\"tel:+35924373071\">+35924373071<\/a><\/li>\n\n\n\n<li>per E-Mail an: <a href=\"mailto:support@praxon.io\">support@praxon.io<\/a><\/li>\n\n\n\n<li>\u00fcber diesen Link: <a href=\"https:\/\/praxon.io\/de\/reach-us\/\">https:\/\/praxon.io\/reach-us\/<\/a><\/li>\n<\/ul>","protected":false},"excerpt":{"rendered":"<p>Einleitung Diese Cookie-Richtlinie regelt zusammen mit unserer Datenschutzrichtlinie die Verwendung von Cookies und \u00e4hnlichen Technologien durch Praxon, wenn Sie mit unserer Website praxon.io oder anderen Websites, Seiten oder Funktionen interagieren und wenn Sie mit Online-Werbung oder Marketing-E-Mails von Praxon in Kontakt treten (zusammenfassend als \"Dienstleistungen\" bezeichnet). Diese Richtlinie erkl\u00e4rt diese Technologien, [...]<\/p>","protected":false},"author":1,"featured_media":0,"parent":0,"menu_order":0,"comment_status":"closed","ping_status":"closed","template":"template-page\/policy-template.php","meta":{"inline_featured_image":false,"footnotes":""},"class_list":["post-40","page","type-page","status-publish","hentry"],"yoast_head":"<!-- This site is optimized with the Yoast SEO plugin v21.3 - https:\/\/yoast.com\/wordpress\/plugins\/seo\/ -->\n<title>Cookie Policy - Praxon<\/title>\n<meta name=\"robots\" content=\"index, follow, max-snippet:-1, max-image-preview:large, max-video-preview:-1\" \/>\n<link rel=\"canonical\" href=\"https:\/\/praxon.io\/de\/cookie-policy\/\" \/>\n<meta property=\"og:locale\" content=\"de_DE\" \/>\n<meta property=\"og:type\" content=\"article\" \/>\n<meta property=\"og:title\" content=\"Cookie Policy - Praxon\" \/>\n<meta property=\"og:description\" content=\"Introduction This Cookie Policy, along with our Privacy Policy, governs the use of cookies and similar technologies by Praxon when you interact with our website, located at the praxon.io, or any other websites, pages, or features, and when you engage with Praxon online advertisements or marketing emails (collectively, the &#8220;Services&#8221;). This policy explains these technologies, [&hellip;]\" \/>\n<meta property=\"og:url\" content=\"https:\/\/praxon.io\/de\/cookie-policy\/\" \/>\n<meta property=\"og:site_name\" content=\"Praxon\" \/>\n<meta property=\"article:modified_time\" content=\"2024-08-30T07:29:28+00:00\" \/>\n<meta name=\"twitter:card\" content=\"summary_large_image\" \/>\n<meta name=\"twitter:label1\" content=\"Gesch\u00e4tzte Lesezeit\" \/>\n\t<meta name=\"twitter:data1\" content=\"5\u00a0Minuten\" \/>\n<script type=\"application\/ld+json\" class=\"yoast-schema-graph\">{\"@context\":\"https:\/\/schema.org\",\"@graph\":[{\"@type\":\"WebPage\",\"@id\":\"https:\/\/praxon.io\/cookie-policy\/\",\"url\":\"https:\/\/praxon.io\/cookie-policy\/\",\"name\":\"Cookie Policy - Praxon\",\"isPartOf\":{\"@id\":\"https:\/\/praxon.io\/#website\"},\"datePublished\":\"2023-10-03T21:16:01+00:00\",\"dateModified\":\"2024-08-30T07:29:28+00:00\",\"breadcrumb\":{\"@id\":\"https:\/\/praxon.io\/cookie-policy\/#breadcrumb\"},\"inLanguage\":\"de\",\"potentialAction\":[{\"@type\":\"ReadAction\",\"target\":[\"https:\/\/praxon.io\/cookie-policy\/\"]}]},{\"@type\":\"BreadcrumbList\",\"@id\":\"https:\/\/praxon.io\/cookie-policy\/#breadcrumb\",\"itemListElement\":[{\"@type\":\"ListItem\",\"position\":1,\"name\":\"Home\",\"item\":\"https:\/\/praxon.io\/\"},{\"@type\":\"ListItem\",\"position\":2,\"name\":\"Cookie Policy\"}]},{\"@type\":\"WebSite\",\"@id\":\"https:\/\/praxon.io\/#website\",\"url\":\"https:\/\/praxon.io\/\",\"name\":\"Praxon\",\"description\":\"\",\"publisher\":{\"@id\":\"https:\/\/praxon.io\/#organization\"},\"potentialAction\":[{\"@type\":\"SearchAction\",\"target\":{\"@type\":\"EntryPoint\",\"urlTemplate\":\"https:\/\/praxon.io\/?s={search_term_string}\"},\"query-input\":\"required name=search_term_string\"}],\"inLanguage\":\"de\"},{\"@type\":\"Organization\",\"@id\":\"https:\/\/praxon.io\/#organization\",\"name\":\"Praxon\",\"url\":\"https:\/\/praxon.io\/\",\"logo\":{\"@type\":\"ImageObject\",\"inLanguage\":\"de\",\"@id\":\"https:\/\/praxon.io\/#\/schema\/logo\/image\/\",\"url\":\"https:\/\/praxon.io\/wp-content\/uploads\/2023\/10\/Logo.svg\",\"contentUrl\":\"https:\/\/praxon.io\/wp-content\/uploads\/2023\/10\/Logo.svg\",\"width\":130,\"height\":57,\"caption\":\"Praxon\"},\"image\":{\"@id\":\"https:\/\/praxon.io\/#\/schema\/logo\/image\/\"}}]}<\/script>\n<!-- \/ Yoast SEO plugin. -->","yoast_head_json":{"title":"Cookie Policy - Praxon","robots":{"index":"index","follow":"follow","max-snippet":"max-snippet:-1","max-image-preview":"max-image-preview:large","max-video-preview":"max-video-preview:-1"},"canonical":"https:\/\/praxon.io\/de\/cookie-policy\/","og_locale":"de_DE","og_type":"article","og_title":"Cookie Policy - Praxon","og_description":"Introduction This Cookie Policy, along with our Privacy Policy, governs the use of cookies and similar technologies by Praxon when you interact with our website, located at the praxon.io, or any other websites, pages, or features, and when you engage with Praxon online advertisements or marketing emails (collectively, the &#8220;Services&#8221;). This policy explains these technologies, [&hellip;]","og_url":"https:\/\/praxon.io\/de\/cookie-policy\/","og_site_name":"Praxon","article_modified_time":"2024-08-30T07:29:28+00:00","twitter_card":"summary_large_image","twitter_misc":{"Gesch\u00e4tzte Lesezeit":"5\u00a0Minuten"},"schema":{"@context":"https:\/\/schema.org","@graph":[{"@type":"WebPage","@id":"https:\/\/praxon.io\/cookie-policy\/","url":"https:\/\/praxon.io\/cookie-policy\/","name":"Cookie Policy - Praxon","isPartOf":{"@id":"https:\/\/praxon.io\/#website"},"datePublished":"2023-10-03T21:16:01+00:00","dateModified":"2024-08-30T07:29:28+00:00","breadcrumb":{"@id":"https:\/\/praxon.io\/cookie-policy\/#breadcrumb"},"inLanguage":"de","potentialAction":[{"@type":"ReadAction","target":["https:\/\/praxon.io\/cookie-policy\/"]}]},{"@type":"BreadcrumbList","@id":"https:\/\/praxon.io\/cookie-policy\/#breadcrumb","itemListElement":[{"@type":"ListItem","position":1,"name":"Home","item":"https:\/\/praxon.io\/"},{"@type":"ListItem","position":2,"name":"Cookie Policy"}]},{"@type":"WebSite","@id":"https:\/\/praxon.io\/#website","url":"https:\/\/praxon.io\/","name":"Praxon","description":"","publisher":{"@id":"https:\/\/praxon.io\/#organization"},"potentialAction":[{"@type":"SearchAction","target":{"@type":"EntryPoint","urlTemplate":"https:\/\/praxon.io\/?s={search_term_string}"},"query-input":"required name=search_term_string"}],"inLanguage":"de"},{"@type":"Organization","@id":"https:\/\/praxon.io\/#organization","name":"Praxon","url":"https:\/\/praxon.io\/","logo":{"@type":"ImageObject","inLanguage":"de","@id":"https:\/\/praxon.io\/#\/schema\/logo\/image\/","url":"https:\/\/praxon.io\/wp-content\/uploads\/2023\/10\/Logo.svg","contentUrl":"https:\/\/praxon.io\/wp-content\/uploads\/2023\/10\/Logo.svg","width":130,"height":57,"caption":"Praxon"},"image":{"@id":"https:\/\/praxon.io\/#\/schema\/logo\/image\/"}}]}},"_links":{"self":[{"href":"https:\/\/praxon.io\/de\/wp-json\/wp\/v2\/pages\/40","targetHints":{"allow":["GET"]}}],"collection":[{"href":"https:\/\/praxon.io\/de\/wp-json\/wp\/v2\/pages"}],"about":[{"href":"https:\/\/praxon.io\/de\/wp-json\/wp\/v2\/types\/page"}],"author":[{"embeddable":true,"href":"https:\/\/praxon.io\/de\/wp-json\/wp\/v2\/users\/1"}],"replies":[{"embeddable":true,"href":"https:\/\/praxon.io\/de\/wp-json\/wp\/v2\/comments?post=40"}],"version-history":[{"count":10,"href":"https:\/\/praxon.io\/de\/wp-json\/wp\/v2\/pages\/40\/revisions"}],"predecessor-version":[{"id":234,"href":"https:\/\/praxon.io\/de\/wp-json\/wp\/v2\/pages\/40\/revisions\/234"}],"wp:attachment":[{"href":"https:\/\/praxon.io\/de\/wp-json\/wp\/v2\/media?parent=40"}],"curies":[{"name":"wp","href":"https:\/\/api.w.org\/{rel}","templated":true}]}}